{"id":1957,"date":"2021-11-13T23:06:53","date_gmt":"2021-11-13T23:06:53","guid":{"rendered":"https:\/\/yosoynectardelosdioses.com\/?page_id=1957"},"modified":"2021-11-23T14:35:41","modified_gmt":"2021-11-23T14:35:41","slug":"ayurvedic-astrology","status":"publish","type":"page","link":"https:\/\/yosoynectardelosdioses.com\/index.php\/ayurvedic-astrology\/","title":{"rendered":"Ayurvedic Astrology"},"content":{"rendered":"<p><div class=\"fusion-fullwidth fullwidth-box fusion-builder-row-1 fusion-flex-container nonhundred-percent-fullwidth non-hundred-percent-height-scrolling\" style=\"background-color: rgba(255,255,255,0);background-image:linear-gradient(180deg, #01496b 0%,#27c4d8 100%);background-position: right top;background-repeat: no-repeat;border-width: 0px 0px 0px 0px;border-color:#eae9e9;border-style:solid;min-height:280px;\" ><div class=\"fusion-builder-row fusion-row fusion-flex-align-items-flex-end fusion-flex-align-content-flex-end\" style=\"max-width:1185.6px;margin-left: calc(-4% \/ 2 );margin-right: calc(-4% \/ 2 );\"><div class=\"fusion-layout-column fusion_builder_column fusion-builder-column-0 fusion_builder_column_1_1 1_1 fusion-flex-column\"><div class=\"fusion-column-wrapper fusion-flex-justify-content-flex-end fusion-content-layout-column\" style=\"background-position:right top;background-repeat:no-repeat;-webkit-background-size:cover;-moz-background-size:cover;-o-background-size:cover;background-size:cover;padding: 0px 0px 0px 0px;\"><div class=\"fusion-text fusion-text-1\" style=\"transform:translate3d(0,0,0);\"><h2 style=\"text-align: right;\"><span style=\"color: #ffffff;\">Activate Self Awareness<\/span><\/h2>\n<\/div><\/div><\/div><style type=\"text\/css\">.fusion-body .fusion-builder-column-0{width:100% !important;margin-top : 0px;margin-bottom : 0px;}.fusion-builder-column-0 > .fusion-column-wrapper {padding-top : 0px !important;padding-right : 0px !important;margin-right : 1.92%;padding-bottom : 0px !important;padding-left : 0px !important;margin-left : 1.92%;}@media only screen and (max-width:1024px) {.fusion-body .fusion-builder-column-0{width:100% !important;order : 0;}.fusion-builder-column-0 > .fusion-column-wrapper {margin-right : 1.92%;margin-left : 1.92%;}}@media only screen and (max-width:640px) {.fusion-body .fusion-builder-column-0{width:100% !important;order : 0;}.fusion-builder-column-0 > .fusion-column-wrapper {margin-right : 1.92%;margin-left : 1.92%;}}<\/style><\/div><style type=\"text\/css\">.fusion-body .fusion-flex-container.fusion-builder-row-1{ padding-top : ;margin-top : 0px;padding-right : ;padding-bottom : ;margin-bottom : 0px;padding-left : ;}<\/style><\/div><div class=\"fusion-fullwidth fullwidth-box fusion-builder-row-2 fusion-flex-container nonhundred-percent-fullwidth non-hundred-percent-height-scrolling\" style=\"background-color: rgba(255,255,255,0);background-position: center center;background-repeat: no-repeat;border-width: 0px 0px 0px 0px;border-color:#eae9e9;border-style:solid;\" ><div class=\"fusion-builder-row fusion-row fusion-flex-align-items-flex-start\" style=\"max-width:1185.6px;margin-left: calc(-4% \/ 2 );margin-right: calc(-4% \/ 2 );\"><div class=\"fusion-layout-column fusion_builder_column fusion-builder-column-1 fusion_builder_column_1_1 1_1 fusion-flex-column\"><div class=\"fusion-column-wrapper fusion-flex-justify-content-flex-start fusion-content-layout-column\" style=\"background-position:left top;background-repeat:no-repeat;-webkit-background-size:cover;-moz-background-size:cover;-o-background-size:cover;background-size:cover;padding: 0px 0px 0px 0px;\"><div ><span class=\" fusion-imageframe imageframe-none imageframe-1 hover-type-none\"><img decoding=\"async\" width=\"600\" height=\"64\" title=\"banner-ayurveda\" src=\"https:\/\/yosoynectardelosdioses.com\/wp-content\/uploads\/2021\/11\/banner-ayurveda.png\" data-orig-src=\"http:\/\/yosoynectardelosdioses.com\/wp-content\/uploads\/2021\/11\/banner-ayurveda.png\" class=\"lazyload img-responsive wp-image-1923\" srcset=\"data:image\/svg+xml,%3Csvg%20xmlns%3D%27http%3A%2F%2Fwww.w3.org%2F2000%2Fsvg%27%20width%3D%27600%27%20height%3D%2764%27%20viewBox%3D%270%200%20600%2064%27%3E%3Crect%20width%3D%27600%27%20height%3D%27364%27%20fill-opacity%3D%220%22%2F%3E%3C%2Fsvg%3E\" data-srcset=\"https:\/\/yosoynectardelosdioses.com\/wp-content\/uploads\/2021\/11\/banner-ayurveda-200x21.png 200w, https:\/\/yosoynectardelosdioses.com\/wp-content\/uploads\/2021\/11\/banner-ayurveda-400x43.png 400w, https:\/\/yosoynectardelosdioses.com\/wp-content\/uploads\/2021\/11\/banner-ayurveda.png 600w\" data-sizes=\"auto\" data-orig-sizes=\"(max-width: 1024px) 100vw, (max-width: 640px) 100vw, 600px\" \/><\/span><\/div><\/div><\/div><style type=\"text\/css\">.fusion-body .fusion-builder-column-1{width:100% !important;margin-top : 0px;margin-bottom : 0px;}.fusion-builder-column-1 > .fusion-column-wrapper {padding-top : 0px !important;padding-right : 0px !important;margin-right : 1.92%;padding-bottom : 0px !important;padding-left : 0px !important;margin-left : 1.92%;}@media only screen and (max-width:1024px) {.fusion-body .fusion-builder-column-1{width:100% !important;order : 0;}.fusion-builder-column-1 > .fusion-column-wrapper {margin-right : 1.92%;margin-left : 1.92%;}}@media only screen and (max-width:640px) {.fusion-body .fusion-builder-column-1{width:100% !important;order : 0;}.fusion-builder-column-1 > .fusion-column-wrapper {margin-right : 1.92%;margin-left : 1.92%;}}<\/style><div class=\"fusion-layout-column fusion_builder_column fusion-builder-column-2 fusion_builder_column_1_2 1_2 fusion-flex-column\"><div class=\"fusion-column-wrapper fusion-flex-justify-content-flex-start fusion-content-layout-column\" style=\"background-position:left top;background-repeat:no-repeat;-webkit-background-size:cover;-moz-background-size:cover;-o-background-size:cover;background-size:cover;padding: 0px 0px 0px 0px;\"><div ><span class=\" fusion-imageframe imageframe-none imageframe-2 hover-type-zoomin\"><img decoding=\"async\" width=\"600\" height=\"598\" title=\"WhatsApp Image 2021-06-21 at 7.14.04 PM\" src=\"https:\/\/yosoynectardelosdioses.com\/wp-content\/uploads\/2021\/03\/WhatsApp-Image-2021-06-21-at-7.14.04-PM.jpeg\" data-orig-src=\"http:\/\/yosoynectardelosdioses.com\/wp-content\/uploads\/2021\/03\/WhatsApp-Image-2021-06-21-at-7.14.04-PM-600x598.jpeg\" class=\"lazyload img-responsive wp-image-1571\" srcset=\"data:image\/svg+xml,%3Csvg%20xmlns%3D%27http%3A%2F%2Fwww.w3.org%2F2000%2Fsvg%27%20width%3D%27750%27%20height%3D%27747%27%20viewBox%3D%270%200%20750%20747%27%3E%3Crect%20width%3D%27750%27%20height%3D%273747%27%20fill-opacity%3D%220%22%2F%3E%3C%2Fsvg%3E\" data-srcset=\"https:\/\/yosoynectardelosdioses.com\/wp-content\/uploads\/2021\/03\/WhatsApp-Image-2021-06-21-at-7.14.04-PM-200x199.jpeg 200w, https:\/\/yosoynectardelosdioses.com\/wp-content\/uploads\/2021\/03\/WhatsApp-Image-2021-06-21-at-7.14.04-PM-400x398.jpeg 400w, https:\/\/yosoynectardelosdioses.com\/wp-content\/uploads\/2021\/03\/WhatsApp-Image-2021-06-21-at-7.14.04-PM-600x598.jpeg 600w, https:\/\/yosoynectardelosdioses.com\/wp-content\/uploads\/2021\/03\/WhatsApp-Image-2021-06-21-at-7.14.04-PM.jpeg 750w\" data-sizes=\"auto\" data-orig-sizes=\"(max-width: 1024px) 100vw, (max-width: 640px) 100vw, 600px\" \/><\/span><\/div><\/div><\/div><style type=\"text\/css\">.fusion-body .fusion-builder-column-2{width:50% !important;margin-top : 0px;margin-bottom : 0px;}.fusion-builder-column-2 > .fusion-column-wrapper {padding-top : 0px !important;padding-right : 0px !important;margin-right : 3.84%;padding-bottom : 0px !important;padding-left : 0px !important;margin-left : 3.84%;}@media only screen and (max-width:1024px) {.fusion-body .fusion-builder-column-2{width:100% !important;order : 0;}.fusion-builder-column-2 > .fusion-column-wrapper {margin-right : 1.92%;margin-left : 1.92%;}}@media only screen and (max-width:640px) {.fusion-body .fusion-builder-column-2{width:100% !important;order : 0;}.fusion-builder-column-2 > .fusion-column-wrapper {margin-right : 1.92%;margin-left : 1.92%;}}<\/style><div class=\"fusion-layout-column fusion_builder_column fusion-builder-column-3 fusion_builder_column_1_2 1_2 fusion-flex-column\"><div class=\"fusion-column-wrapper fusion-flex-justify-content-flex-start fusion-content-layout-column\" style=\"background-position:left top;background-repeat:no-repeat;-webkit-background-size:cover;-moz-background-size:cover;-o-background-size:cover;background-size:cover;padding: 0px 0px 0px 0px;\"><div class=\"fusion-text fusion-text-2\" style=\"transform:translate3d(0,0,0);\"><h3><span style=\"color: #333333;\">Ayurvedic Astrology<\/span><\/h3>\n<h3>$369.00<\/h3>\n<div class=\"post-content woocommerce-product-details__short-description\">\n<p>Initial Ayurvedic assessment, rasayanas include dietary and behavioral recommendations to achieve greater balance between body and mind. Requires Jyotish Natal Signature chart reading. Ask three questions for health or lifestyle development.<\/p>\n<p>45 minutes, include two follow up sessions.<\/p>\n<p><strong>Contact me!<\/strong><\/p>\n<p style=\"padding-left: 40px;\"><a href=\"https:\/\/wa.me\/16414511016\">+1 (641) 451-1016<\/a><\/p>\n<p style=\"padding-left: 40px;\"><a href=\"mailto:sophia@yosoynectardelosdioses.com\">sophia@yosoynectardelosdioses.com<\/a><\/p>\n<p style=\"padding-left: 40px;\">Or Book <a href=\"https:\/\/yosoynectardelosdioses.com\/index.php\/es\/book-now\/\">HERE!<\/a><\/p>\n<\/div>\n<\/div><div ><style type=\"text\/css\">.fusion-button.button-1 {border-radius:25px;}<\/style><a class=\"fusion-button button-flat fusion-button-default-size button-default button-1 fusion-button-default-span fusion-button-default-type\" target=\"_self\" href=\"https:\/\/yosoynectardelosdioses.com\/index.php\/matrix-cafe-eng\/\"><span class=\"fusion-button-text\">More Services<\/span><\/a><\/div><\/div><\/div><style type=\"text\/css\">.fusion-body .fusion-builder-column-3{width:50% !important;margin-top : 0px;margin-bottom : 0px;}.fusion-builder-column-3 > .fusion-column-wrapper {padding-top : 0px !important;padding-right : 0px !important;margin-right : 3.84%;padding-bottom : 0px !important;padding-left : 0px !important;margin-left : 3.84%;}@media only screen and (max-width:1024px) {.fusion-body .fusion-builder-column-3{width:100% !important;order : 0;}.fusion-builder-column-3 > .fusion-column-wrapper {margin-right : 1.92%;margin-left : 1.92%;}}@media only screen and (max-width:640px) {.fusion-body .fusion-builder-column-3{width:100% !important;order : 0;}.fusion-builder-column-3 > .fusion-column-wrapper {margin-right : 1.92%;margin-left : 1.92%;}}<\/style><\/div><style type=\"text\/css\">.fusion-body .fusion-flex-container.fusion-builder-row-2{ padding-top : 40px;margin-top : 20;padding-right : ;padding-bottom : ;margin-bottom : 0px;padding-left : ;}<\/style><\/div><\/p>\n","protected":false},"excerpt":{"rendered":"","protected":false},"author":1,"featured_media":0,"parent":0,"menu_order":0,"comment_status":"closed","ping_status":"closed","template":"100-width.php","meta":{"_bbp_topic_count":0,"_bbp_reply_count":0,"_bbp_total_topic_count":0,"_bbp_total_reply_count":0,"_bbp_voice_count":0,"_bbp_anonymous_reply_count":0,"_bbp_topic_count_hidden":0,"_bbp_reply_count_hidden":0,"_bbp_forum_subforum_count":0,"episode_type":"","audio_file":"","podmotor_file_id":"","cover_image":"","cover_image_id":"","duration":"","filesize":"","filesize_raw":"","date_recorded":"","explicit":"","block":"","spay_email":""},"yoast_head":"<!-- This site is optimized with the Yoast SEO plugin v17.5 - https:\/\/yoast.com\/wordpress\/plugins\/seo\/ -->\n<title>Ayurvedic Astrology - Yo soy n\u00e9ctar de los Dioses<\/title>\n<meta name=\"robots\" content=\"index, follow, max-snippet:-1, max-image-preview:large, max-video-preview:-1\" \/>\n<link rel=\"canonical\" href=\"https:\/\/yosoynectardelosdioses.com\/index.php\/ayurvedic-astrology\/\" \/>\n<meta property=\"og:locale\" content=\"es_ES\" \/>\n<meta property=\"og:type\" content=\"article\" \/>\n<meta property=\"og:title\" content=\"Ayurvedic Astrology - Yo soy n\u00e9ctar de los Dioses\" \/>\n<meta property=\"og:url\" content=\"https:\/\/yosoynectardelosdioses.com\/index.php\/ayurvedic-astrology\/\" \/>\n<meta property=\"og:site_name\" content=\"Yo soy n\u00e9ctar de los Dioses\" \/>\n<meta property=\"article:modified_time\" content=\"2021-11-23T14:35:41+00:00\" \/>\n<meta name=\"twitter:card\" content=\"summary_large_image\" \/>\n<meta name=\"twitter:label1\" content=\"Tiempo de lectura\" \/>\n\t<meta name=\"twitter:data1\" content=\"4 minutos\" \/>\n<script type=\"application\/ld+json\" class=\"yoast-schema-graph\">{\"@context\":\"https:\/\/schema.org\",\"@graph\":[{\"@type\":\"WebSite\",\"@id\":\"https:\/\/yosoynectardelosdioses.com\/#website\",\"url\":\"https:\/\/yosoynectardelosdioses.com\/\",\"name\":\"Yo soy n\\u00e9ctar de los Dioses\",\"description\":\"\\u00a1Ven tal como eres! Est\\u00e1s invitado a explorar, aprender y crecer. No hay coincidencias, todo se desarrolla en perfecto orden. La meditaci\\u00f3n, la astrolog\\u00eda y el ayurveda son tecnolog\\u00edas de la conciencia, herramientas para el autoconocimiento, la autotransformaci\\u00f3n y el autodesarrollo.\",\"potentialAction\":[{\"@type\":\"SearchAction\",\"target\":{\"@type\":\"EntryPoint\",\"urlTemplate\":\"https:\/\/yosoynectardelosdioses.com\/?s={search_term_string}\"},\"query-input\":\"required name=search_term_string\"}],\"inLanguage\":\"es\"},{\"@type\":\"WebPage\",\"@id\":\"https:\/\/yosoynectardelosdioses.com\/index.php\/ayurvedic-astrology\/#webpage\",\"url\":\"https:\/\/yosoynectardelosdioses.com\/index.php\/ayurvedic-astrology\/\",\"name\":\"Ayurvedic Astrology - Yo soy n\\u00e9ctar de los Dioses\",\"isPartOf\":{\"@id\":\"https:\/\/yosoynectardelosdioses.com\/#website\"},\"datePublished\":\"2021-11-13T23:06:53+00:00\",\"dateModified\":\"2021-11-23T14:35:41+00:00\",\"breadcrumb\":{\"@id\":\"https:\/\/yosoynectardelosdioses.com\/index.php\/ayurvedic-astrology\/#breadcrumb\"},\"inLanguage\":\"es\",\"potentialAction\":[{\"@type\":\"ReadAction\",\"target\":[\"https:\/\/yosoynectardelosdioses.com\/index.php\/ayurvedic-astrology\/\"]}]},{\"@type\":\"BreadcrumbList\",\"@id\":\"https:\/\/yosoynectardelosdioses.com\/index.php\/ayurvedic-astrology\/#breadcrumb\",\"itemListElement\":[{\"@type\":\"ListItem\",\"position\":1,\"name\":\"Home\",\"item\":\"https:\/\/yosoynectardelosdioses.com\/index.php\/es\/inicio\/\"},{\"@type\":\"ListItem\",\"position\":2,\"name\":\"Ayurvedic Astrology\"}]}]}<\/script>\n<!-- \/ Yoast SEO plugin. -->","yoast_head_json":{"title":"Ayurvedic Astrology - Yo soy n\u00e9ctar de los Dioses","robots":{"index":"index","follow":"follow","max-snippet":"max-snippet:-1","max-image-preview":"max-image-preview:large","max-video-preview":"max-video-preview:-1"},"canonical":"https:\/\/yosoynectardelosdioses.com\/index.php\/ayurvedic-astrology\/","og_locale":"es_ES","og_type":"article","og_title":"Ayurvedic Astrology - Yo soy n\u00e9ctar de los Dioses","og_url":"https:\/\/yosoynectardelosdioses.com\/index.php\/ayurvedic-astrology\/","og_site_name":"Yo soy n\u00e9ctar de los Dioses","article_modified_time":"2021-11-23T14:35:41+00:00","twitter_card":"summary_large_image","twitter_misc":{"Tiempo de lectura":"4 minutos"},"schema":{"@context":"https:\/\/schema.org","@graph":[{"@type":"WebSite","@id":"https:\/\/yosoynectardelosdioses.com\/#website","url":"https:\/\/yosoynectardelosdioses.com\/","name":"Yo soy n\u00e9ctar de los Dioses","description":"\u00a1Ven tal como eres! Est\u00e1s invitado a explorar, aprender y crecer. No hay coincidencias, todo se desarrolla en perfecto orden. La meditaci\u00f3n, la astrolog\u00eda y el ayurveda son tecnolog\u00edas de la conciencia, herramientas para el autoconocimiento, la autotransformaci\u00f3n y el autodesarrollo.","potentialAction":[{"@type":"SearchAction","target":{"@type":"EntryPoint","urlTemplate":"https:\/\/yosoynectardelosdioses.com\/?s={search_term_string}"},"query-input":"required name=search_term_string"}],"inLanguage":"es"},{"@type":"WebPage","@id":"https:\/\/yosoynectardelosdioses.com\/index.php\/ayurvedic-astrology\/#webpage","url":"https:\/\/yosoynectardelosdioses.com\/index.php\/ayurvedic-astrology\/","name":"Ayurvedic Astrology - Yo soy n\u00e9ctar de los Dioses","isPartOf":{"@id":"https:\/\/yosoynectardelosdioses.com\/#website"},"datePublished":"2021-11-13T23:06:53+00:00","dateModified":"2021-11-23T14:35:41+00:00","breadcrumb":{"@id":"https:\/\/yosoynectardelosdioses.com\/index.php\/ayurvedic-astrology\/#breadcrumb"},"inLanguage":"es","potentialAction":[{"@type":"ReadAction","target":["https:\/\/yosoynectardelosdioses.com\/index.php\/ayurvedic-astrology\/"]}]},{"@type":"BreadcrumbList","@id":"https:\/\/yosoynectardelosdioses.com\/index.php\/ayurvedic-astrology\/#breadcrumb","itemListElement":[{"@type":"ListItem","position":1,"name":"Home","item":"https:\/\/yosoynectardelosdioses.com\/index.php\/es\/inicio\/"},{"@type":"ListItem","position":2,"name":"Ayurvedic Astrology"}]}]}},"_links":{"self":[{"href":"https:\/\/yosoynectardelosdioses.com\/index.php\/wp-json\/wp\/v2\/pages\/1957"}],"collection":[{"href":"https:\/\/yosoynectardelosdioses.com\/index.php\/wp-json\/wp\/v2\/pages"}],"about":[{"href":"https:\/\/yosoynectardelosdioses.com\/index.php\/wp-json\/wp\/v2\/types\/page"}],"author":[{"embeddable":true,"href":"https:\/\/yosoynectardelosdioses.com\/index.php\/wp-json\/wp\/v2\/users\/1"}],"replies":[{"embeddable":true,"href":"https:\/\/yosoynectardelosdioses.com\/index.php\/wp-json\/wp\/v2\/comments?post=1957"}],"version-history":[{"count":5,"href":"https:\/\/yosoynectardelosdioses.com\/index.php\/wp-json\/wp\/v2\/pages\/1957\/revisions"}],"predecessor-version":[{"id":2102,"href":"https:\/\/yosoynectardelosdioses.com\/index.php\/wp-json\/wp\/v2\/pages\/1957\/revisions\/2102"}],"wp:attachment":[{"href":"https:\/\/yosoynectardelosdioses.com\/index.php\/wp-json\/wp\/v2\/media?parent=1957"}],"curies":[{"name":"wp","href":"https:\/\/api.w.org\/{rel}","templated":true}]}}