{"id":2137,"date":"2021-12-08T19:35:56","date_gmt":"2021-12-08T19:35:56","guid":{"rendered":"https:\/\/yosoynectardelosdioses.com\/?page_id=2137"},"modified":"2021-12-08T19:35:56","modified_gmt":"2021-12-08T19:35:56","slug":"meditation-circle","status":"publish","type":"page","link":"https:\/\/yosoynectardelosdioses.com\/index.php\/meditation-circle\/","title":{"rendered":"Meditation Circle"},"content":{"rendered":"<p><div class=\"fusion-fullwidth fullwidth-box fusion-builder-row-1 fusion-flex-container nonhundred-percent-fullwidth non-hundred-percent-height-scrolling\" style=\"background-color: rgba(255,255,255,0);background-image:linear-gradient(180deg, #e4717a 34%,#ae25d1 100%);background-position: right top;background-repeat: no-repeat;border-width: 0px 0px 0px 0px;border-color:#eae9e9;border-style:solid;min-height:280px;\" ><div class=\"fusion-builder-row fusion-row fusion-flex-align-items-flex-end fusion-flex-align-content-flex-end\" style=\"max-width:1185.6px;margin-left: calc(-4% \/ 2 );margin-right: calc(-4% \/ 2 );\"><div class=\"fusion-layout-column fusion_builder_column fusion-builder-column-0 fusion_builder_column_1_1 1_1 fusion-flex-column\"><div class=\"fusion-column-wrapper fusion-flex-justify-content-flex-end fusion-content-layout-column\" style=\"background-position:right top;background-repeat:no-repeat;-webkit-background-size:cover;-moz-background-size:cover;-o-background-size:cover;background-size:cover;padding: 0px 0px 0px 0px;\"><div class=\"fusion-text fusion-text-1\" style=\"transform:translate3d(0,0,0);\"><h2 style=\"text-align: right;\"><span style=\"color: #ffffff;\">Classes &#038; Workshops<\/span><\/h2>\n<\/div><\/div><\/div><style type=\"text\/css\">.fusion-body .fusion-builder-column-0{width:100% !important;margin-top : 0px;margin-bottom : 0px;}.fusion-builder-column-0 > .fusion-column-wrapper {padding-top : 0px !important;padding-right : 0px !important;margin-right : 1.92%;padding-bottom : 0px !important;padding-left : 0px !important;margin-left : 1.92%;}@media only screen and (max-width:1024px) {.fusion-body .fusion-builder-column-0{width:100% !important;order : 0;}.fusion-builder-column-0 > .fusion-column-wrapper {margin-right : 1.92%;margin-left : 1.92%;}}@media only screen and (max-width:640px) {.fusion-body .fusion-builder-column-0{width:100% !important;order : 0;}.fusion-builder-column-0 > .fusion-column-wrapper {margin-right : 1.92%;margin-left : 1.92%;}}<\/style><\/div><style type=\"text\/css\">.fusion-body .fusion-flex-container.fusion-builder-row-1{ padding-top : ;margin-top : 0px;padding-right : ;padding-bottom : ;margin-bottom : 0px;padding-left : ;}<\/style><\/div><div class=\"fusion-fullwidth fullwidth-box fusion-builder-row-2 fusion-flex-container nonhundred-percent-fullwidth non-hundred-percent-height-scrolling\" style=\"background-color: rgba(255,255,255,0);background-position: center center;background-repeat: no-repeat;border-width: 0px 0px 0px 0px;border-color:#eae9e9;border-style:solid;\" ><div class=\"fusion-builder-row fusion-row fusion-flex-align-items-flex-start\" style=\"max-width:1185.6px;margin-left: calc(-4% \/ 2 );margin-right: calc(-4% \/ 2 );\"><div class=\"fusion-layout-column fusion_builder_column fusion-builder-column-1 fusion_builder_column_1_2 1_2 fusion-flex-column fusion-flex-align-self-flex-start\"><div class=\"fusion-column-wrapper fusion-flex-justify-content-flex-start fusion-content-layout-column\" style=\"background-position:left top;background-repeat:no-repeat;-webkit-background-size:cover;-moz-background-size:cover;-o-background-size:cover;background-size:cover;padding: 0px 0px 0px 0px;\"><div ><span class=\" fusion-imageframe imageframe-none imageframe-1 hover-type-zoomin\"><img decoding=\"async\" width=\"400\" height=\"400\" title=\"meditacion playa\" src=\"https:\/\/yosoynectardelosdioses.com\/wp-content\/uploads\/2021\/11\/lunallenayoga.png\" data-orig-src=\"http:\/\/yosoynectardelosdioses.com\/wp-content\/uploads\/2021\/11\/lunallenayoga-400x400.png\" class=\"lazyload img-responsive wp-image-1862\" srcset=\"data:image\/svg+xml,%3Csvg%20xmlns%3D%27http%3A%2F%2Fwww.w3.org%2F2000%2Fsvg%27%20width%3D%271200%27%20height%3D%271200%27%20viewBox%3D%270%200%201200%201200%27%3E%3Crect%20width%3D%271200%27%20height%3D%2731200%27%20fill-opacity%3D%220%22%2F%3E%3C%2Fsvg%3E\" data-srcset=\"https:\/\/yosoynectardelosdioses.com\/wp-content\/uploads\/2021\/11\/lunallenayoga-200x200.png 200w, https:\/\/yosoynectardelosdioses.com\/wp-content\/uploads\/2021\/11\/lunallenayoga-400x400.png 400w, https:\/\/yosoynectardelosdioses.com\/wp-content\/uploads\/2021\/11\/lunallenayoga-600x600.png 600w, https:\/\/yosoynectardelosdioses.com\/wp-content\/uploads\/2021\/11\/lunallenayoga-800x800.png 800w, https:\/\/yosoynectardelosdioses.com\/wp-content\/uploads\/2021\/11\/lunallenayoga.png 1200w\" data-sizes=\"auto\" data-orig-sizes=\"(max-width: 1024px) 100vw, (max-width: 640px) 100vw, 600px\" \/><\/span><\/div><\/div><\/div><style type=\"text\/css\">.fusion-body .fusion-builder-column-1{width:50% !important;margin-top : 0px;margin-bottom : 0px;}.fusion-builder-column-1 > .fusion-column-wrapper {padding-top : 0px !important;padding-right : 0px !important;margin-right : 3.84%;padding-bottom : 0px !important;padding-left : 0px !important;margin-left : 3.84%;}@media only screen and (max-width:1024px) {.fusion-body .fusion-builder-column-1{width:100% !important;order : 0;}.fusion-builder-column-1 > .fusion-column-wrapper {margin-right : 1.92%;margin-left : 1.92%;}}@media only screen and (max-width:640px) {.fusion-body .fusion-builder-column-1{width:100% !important;order : 0;}.fusion-builder-column-1 > .fusion-column-wrapper {margin-right : 1.92%;margin-left : 1.92%;}}<\/style><div class=\"fusion-layout-column fusion_builder_column fusion-builder-column-2 fusion_builder_column_1_2 1_2 fusion-flex-column fusion-flex-align-self-flex-start\"><div class=\"fusion-column-wrapper fusion-flex-justify-content-flex-start fusion-content-layout-column\" style=\"background-position:left top;background-repeat:no-repeat;-webkit-background-size:cover;-moz-background-size:cover;-o-background-size:cover;background-size:cover;padding: 0px 0px 0px 0px;\"><div class=\"fusion-text fusion-text-2\" style=\"transform:translate3d(0,0,0);\"><h3><span style=\"color: #333333;\">Meditation Circle<\/span><\/h3>\n<div class=\"post-content woocommerce-product-details__short-description\">\n<p><strong>Sunny Isles Beach<\/strong><br \/>Find me to the left of Liguard House # 192.<\/p>\n<p><strong>Beach Access<\/strong><\/p>\n<p>LONE BEACH ACCESS<br \/>19001 Collins Avenue<br \/>Sunny Isles Beach, FL 33160<\/p>\n<p>For more information contact me:<\/p>\n<p style=\"padding-left: 40px;\"><a href=\"https:\/\/wa.me\/16414511016\">+1 (641) 451-1016<\/a><\/p>\n<p style=\"padding-left: 40px;\"><a href=\"mailto:sophia@yosoynectardelosdioses.com\">sophia@yosoynectardelosdioses.com<\/a><\/p>\n<\/div>\n<\/div><div ><style type=\"text\/css\">.fusion-button.button-1 {border-radius:25px;}<\/style><a class=\"fusion-button button-flat fusion-button-default-size button-default button-1 fusion-button-default-span fusion-button-default-type\" target=\"_self\" href=\"https:\/\/yosoynectardelosdioses.com\/index.php\/classes-2\/\"><span class=\"fusion-button-text\">More Classes<\/span><\/a><\/div><\/div><\/div><style type=\"text\/css\">.fusion-body .fusion-builder-column-2{width:50% !important;margin-top : 0px;margin-bottom : 0px;}.fusion-builder-column-2 > .fusion-column-wrapper {padding-top : 0px !important;padding-right : 0px !important;margin-right : 3.84%;padding-bottom : 0px !important;padding-left : 0px !important;margin-left : 3.84%;}@media only screen and (max-width:1024px) {.fusion-body .fusion-builder-column-2{width:100% !important;order : 0;}.fusion-builder-column-2 > .fusion-column-wrapper {margin-right : 1.92%;margin-left : 1.92%;}}@media only screen and (max-width:640px) {.fusion-body .fusion-builder-column-2{width:100% !important;order : 0;}.fusion-builder-column-2 > .fusion-column-wrapper {margin-right : 1.92%;margin-left : 1.92%;}}<\/style><\/div><style type=\"text\/css\">.fusion-body .fusion-flex-container.fusion-builder-row-2{ padding-top : 40px;margin-top : 20;padding-right : ;padding-bottom : ;margin-bottom : 0px;padding-left : ;}<\/style><\/div><\/p>\n","protected":false},"excerpt":{"rendered":"","protected":false},"author":1,"featured_media":0,"parent":0,"menu_order":0,"comment_status":"closed","ping_status":"closed","template":"100-width.php","meta":{"_bbp_topic_count":0,"_bbp_reply_count":0,"_bbp_total_topic_count":0,"_bbp_total_reply_count":0,"_bbp_voice_count":0,"_bbp_anonymous_reply_count":0,"_bbp_topic_count_hidden":0,"_bbp_reply_count_hidden":0,"_bbp_forum_subforum_count":0,"episode_type":"","audio_file":"","podmotor_file_id":"","cover_image":"","cover_image_id":"","duration":"","filesize":"","filesize_raw":"","date_recorded":"","explicit":"","block":"","spay_email":""},"yoast_head":"<!-- This site is optimized with the Yoast SEO plugin v17.5 - https:\/\/yoast.com\/wordpress\/plugins\/seo\/ -->\n<title>Meditation Circle - Yo soy n\u00e9ctar de los Dioses<\/title>\n<meta name=\"robots\" content=\"index, follow, max-snippet:-1, max-image-preview:large, max-video-preview:-1\" \/>\n<link rel=\"canonical\" href=\"https:\/\/yosoynectardelosdioses.com\/index.php\/meditation-circle\/\" \/>\n<meta property=\"og:locale\" content=\"es_ES\" \/>\n<meta property=\"og:type\" content=\"article\" \/>\n<meta property=\"og:title\" content=\"Meditation Circle - Yo soy n\u00e9ctar de los Dioses\" \/>\n<meta property=\"og:url\" content=\"https:\/\/yosoynectardelosdioses.com\/index.php\/meditation-circle\/\" \/>\n<meta property=\"og:site_name\" content=\"Yo soy n\u00e9ctar de los Dioses\" \/>\n<meta name=\"twitter:card\" content=\"summary_large_image\" \/>\n<meta name=\"twitter:label1\" content=\"Tiempo de lectura\" \/>\n\t<meta name=\"twitter:data1\" content=\"9 minutos\" \/>\n<script type=\"application\/ld+json\" class=\"yoast-schema-graph\">{\"@context\":\"https:\/\/schema.org\",\"@graph\":[{\"@type\":\"WebSite\",\"@id\":\"https:\/\/yosoynectardelosdioses.com\/#website\",\"url\":\"https:\/\/yosoynectardelosdioses.com\/\",\"name\":\"Yo soy n\\u00e9ctar de los Dioses\",\"description\":\"\\u00a1Ven tal como eres! Est\\u00e1s invitado a explorar, aprender y crecer. No hay coincidencias, todo se desarrolla en perfecto orden. La meditaci\\u00f3n, la astrolog\\u00eda y el ayurveda son tecnolog\\u00edas de la conciencia, herramientas para el autoconocimiento, la autotransformaci\\u00f3n y el autodesarrollo.\",\"potentialAction\":[{\"@type\":\"SearchAction\",\"target\":{\"@type\":\"EntryPoint\",\"urlTemplate\":\"https:\/\/yosoynectardelosdioses.com\/?s={search_term_string}\"},\"query-input\":\"required name=search_term_string\"}],\"inLanguage\":\"es\"},{\"@type\":\"WebPage\",\"@id\":\"https:\/\/yosoynectardelosdioses.com\/index.php\/meditation-circle\/#webpage\",\"url\":\"https:\/\/yosoynectardelosdioses.com\/index.php\/meditation-circle\/\",\"name\":\"Meditation Circle - Yo soy n\\u00e9ctar de los Dioses\",\"isPartOf\":{\"@id\":\"https:\/\/yosoynectardelosdioses.com\/#website\"},\"datePublished\":\"2021-12-08T19:35:56+00:00\",\"dateModified\":\"2021-12-08T19:35:56+00:00\",\"breadcrumb\":{\"@id\":\"https:\/\/yosoynectardelosdioses.com\/index.php\/meditation-circle\/#breadcrumb\"},\"inLanguage\":\"es\",\"potentialAction\":[{\"@type\":\"ReadAction\",\"target\":[\"https:\/\/yosoynectardelosdioses.com\/index.php\/meditation-circle\/\"]}]},{\"@type\":\"BreadcrumbList\",\"@id\":\"https:\/\/yosoynectardelosdioses.com\/index.php\/meditation-circle\/#breadcrumb\",\"itemListElement\":[{\"@type\":\"ListItem\",\"position\":1,\"name\":\"Home\",\"item\":\"https:\/\/yosoynectardelosdioses.com\/index.php\/es\/inicio\/\"},{\"@type\":\"ListItem\",\"position\":2,\"name\":\"Meditation Circle\"}]}]}<\/script>\n<!-- \/ Yoast SEO plugin. -->","yoast_head_json":{"title":"Meditation Circle - Yo soy n\u00e9ctar de los Dioses","robots":{"index":"index","follow":"follow","max-snippet":"max-snippet:-1","max-image-preview":"max-image-preview:large","max-video-preview":"max-video-preview:-1"},"canonical":"https:\/\/yosoynectardelosdioses.com\/index.php\/meditation-circle\/","og_locale":"es_ES","og_type":"article","og_title":"Meditation Circle - Yo soy n\u00e9ctar de los Dioses","og_url":"https:\/\/yosoynectardelosdioses.com\/index.php\/meditation-circle\/","og_site_name":"Yo soy n\u00e9ctar de los Dioses","twitter_card":"summary_large_image","twitter_misc":{"Tiempo de lectura":"9 minutos"},"schema":{"@context":"https:\/\/schema.org","@graph":[{"@type":"WebSite","@id":"https:\/\/yosoynectardelosdioses.com\/#website","url":"https:\/\/yosoynectardelosdioses.com\/","name":"Yo soy n\u00e9ctar de los Dioses","description":"\u00a1Ven tal como eres! Est\u00e1s invitado a explorar, aprender y crecer. No hay coincidencias, todo se desarrolla en perfecto orden. La meditaci\u00f3n, la astrolog\u00eda y el ayurveda son tecnolog\u00edas de la conciencia, herramientas para el autoconocimiento, la autotransformaci\u00f3n y el autodesarrollo.","potentialAction":[{"@type":"SearchAction","target":{"@type":"EntryPoint","urlTemplate":"https:\/\/yosoynectardelosdioses.com\/?s={search_term_string}"},"query-input":"required name=search_term_string"}],"inLanguage":"es"},{"@type":"WebPage","@id":"https:\/\/yosoynectardelosdioses.com\/index.php\/meditation-circle\/#webpage","url":"https:\/\/yosoynectardelosdioses.com\/index.php\/meditation-circle\/","name":"Meditation Circle - Yo soy n\u00e9ctar de los Dioses","isPartOf":{"@id":"https:\/\/yosoynectardelosdioses.com\/#website"},"datePublished":"2021-12-08T19:35:56+00:00","dateModified":"2021-12-08T19:35:56+00:00","breadcrumb":{"@id":"https:\/\/yosoynectardelosdioses.com\/index.php\/meditation-circle\/#breadcrumb"},"inLanguage":"es","potentialAction":[{"@type":"ReadAction","target":["https:\/\/yosoynectardelosdioses.com\/index.php\/meditation-circle\/"]}]},{"@type":"BreadcrumbList","@id":"https:\/\/yosoynectardelosdioses.com\/index.php\/meditation-circle\/#breadcrumb","itemListElement":[{"@type":"ListItem","position":1,"name":"Home","item":"https:\/\/yosoynectardelosdioses.com\/index.php\/es\/inicio\/"},{"@type":"ListItem","position":2,"name":"Meditation Circle"}]}]}},"_links":{"self":[{"href":"https:\/\/yosoynectardelosdioses.com\/index.php\/wp-json\/wp\/v2\/pages\/2137"}],"collection":[{"href":"https:\/\/yosoynectardelosdioses.com\/index.php\/wp-json\/wp\/v2\/pages"}],"about":[{"href":"https:\/\/yosoynectardelosdioses.com\/index.php\/wp-json\/wp\/v2\/types\/page"}],"author":[{"embeddable":true,"href":"https:\/\/yosoynectardelosdioses.com\/index.php\/wp-json\/wp\/v2\/users\/1"}],"replies":[{"embeddable":true,"href":"https:\/\/yosoynectardelosdioses.com\/index.php\/wp-json\/wp\/v2\/comments?post=2137"}],"version-history":[{"count":1,"href":"https:\/\/yosoynectardelosdioses.com\/index.php\/wp-json\/wp\/v2\/pages\/2137\/revisions"}],"predecessor-version":[{"id":2138,"href":"https:\/\/yosoynectardelosdioses.com\/index.php\/wp-json\/wp\/v2\/pages\/2137\/revisions\/2138"}],"wp:attachment":[{"href":"https:\/\/yosoynectardelosdioses.com\/index.php\/wp-json\/wp\/v2\/media?parent=2137"}],"curies":[{"name":"wp","href":"https:\/\/api.w.org\/{rel}","templated":true}]}}